{"id":57,"date":"2025-07-01T10:37:59","date_gmt":"2025-07-01T10:37:59","guid":{"rendered":"https:\/\/colharmony.mx\/?post_type=product&#038;p=57"},"modified":"2025-07-01T10:45:04","modified_gmt":"2025-07-01T10:45:04","slug":"ref-fb713c-faja-powernet-con-cremallera-copia","status":"publish","type":"product","link":"https:\/\/colharmony.mx\/?product=ref-fb713c-faja-powernet-con-cremallera-copia","title":{"rendered":"REF 70014J PANTY PUSH UP"},"content":{"rendered":"<p>Faja moldeadora tipo panty con bandas de realce natural de gl\u00fateos, encaje siliconado que mantiene la faja en su lugar \u2013 no se baja, no se enrolla.\u00a0Con su forro interno de algod\u00f3n lycrado, sentir\u00e1 el mayor confort mientras las luces espectacular en cada outfit.<\/p>\n<p><strong>Panty Faja de alta compresi\u00f3n<\/strong><\/p>\n<ul>\n<li>Encaje siliconado<\/li>\n<li>Varillas cortas en encaje para evitar que se enrolle<\/li>\n<li>Bandas de realce natural de gl\u00fateos<\/li>\n<li>Control de abdomen bajo<\/li>\n<li>Forro interno suave al contacto con la piel<\/li>\n<\/ul>\n","protected":false},"excerpt":{"rendered":"<p>Faja moldeadora tipo panty con bandas de realce natural de gl\u00fateos, encaje siliconado que mantiene la faja en su lugar \u2013 no se baja, no se enrolla.\u00a0Con su forro interno de algod\u00f3n lycrado, sentir\u00e1 el mayor confort mientras las luces espectacular en cada outfit. Panty Faja de alta compresi\u00f3n Encaje siliconado Varillas cortas en encaje [&hellip;]<\/p>\n","protected":false},"featured_media":53,"comment_status":"open","ping_status":"closed","template":"","meta":[],"product_brand":[],"product_cat":[39,44],"product_tag":[],"class_list":{"0":"post-57","1":"product","2":"type-product","3":"status-publish","4":"has-post-thumbnail","6":"product_cat-linea-de-moldeo","7":"product_cat-uso-diario","9":"first","10":"instock","11":"shipping-taxable","12":"purchasable","13":"product-type-variable"},"_links":{"self":[{"href":"https:\/\/colharmony.mx\/index.php?rest_route=\/wp\/v2\/product\/57","targetHints":{"allow":["GET"]}}],"collection":[{"href":"https:\/\/colharmony.mx\/index.php?rest_route=\/wp\/v2\/product"}],"about":[{"href":"https:\/\/colharmony.mx\/index.php?rest_route=\/wp\/v2\/types\/product"}],"replies":[{"embeddable":true,"href":"https:\/\/colharmony.mx\/index.php?rest_route=%2Fwp%2Fv2%2Fcomments&post=57"}],"version-history":[{"count":3,"href":"https:\/\/colharmony.mx\/index.php?rest_route=\/wp\/v2\/product\/57\/revisions"}],"predecessor-version":[{"id":108,"href":"https:\/\/colharmony.mx\/index.php?rest_route=\/wp\/v2\/product\/57\/revisions\/108"}],"wp:featuredmedia":[{"embeddable":true,"href":"https:\/\/colharmony.mx\/index.php?rest_route=\/wp\/v2\/media\/53"}],"wp:attachment":[{"href":"https:\/\/colharmony.mx\/index.php?rest_route=%2Fwp%2Fv2%2Fmedia&parent=57"}],"wp:term":[{"taxonomy":"product_brand","embeddable":true,"href":"https:\/\/colharmony.mx\/index.php?rest_route=%2Fwp%2Fv2%2Fproduct_brand&post=57"},{"taxonomy":"product_cat","embeddable":true,"href":"https:\/\/colharmony.mx\/index.php?rest_route=%2Fwp%2Fv2%2Fproduct_cat&post=57"},{"taxonomy":"product_tag","embeddable":true,"href":"https:\/\/colharmony.mx\/index.php?rest_route=%2Fwp%2Fv2%2Fproduct_tag&post=57"}],"curies":[{"name":"wp","href":"https:\/\/api.w.org\/{rel}","templated":true}]}}