{"id":366,"date":"2025-07-01T16:00:25","date_gmt":"2025-07-01T16:00:25","guid":{"rendered":"https:\/\/colharmony.mx\/?post_type=product&#038;p=366"},"modified":"2025-07-03T02:32:12","modified_gmt":"2025-07-03T02:32:12","slug":"ref-7063-5-faja-powernet-con-broches","status":"publish","type":"product","link":"https:\/\/colharmony.mx\/?product=ref-7063-5-faja-powernet-con-broches","title":{"rendered":"REF 7063-5 FAJA POWERNET CON BROCHES"},"content":{"rendered":"<p>Faja con tres l\u00edneas de broches frontales para uso posparto, posquir\u00fargico o diario en powernet de alta compresi\u00f3n. Fabricada con la m\u00e1s alta ingenier\u00eda textil y l\u00e1tex interno para un mayor control, brindando un moldeado c\u00f3modo y seguro. Con su forro interno de algod\u00f3n y licra, sentir\u00e1s la mayor comodidad en una faja, a la vez que te brinda un gran control en tu abdomen, cintura alta y baja. Con sus broches frontales, puedes ajustar la prenda a tu figura como desees y personalizarla por completo.<\/p>\n<ul>\n<li><span><span>Color Moca y Negro<\/span><\/span><\/li>\n<li><span><span>Alto control postparto, postquir\u00fargico y uso diario.<\/span><\/span><\/li>\n<li><span><span>Control en abdomen, cintura, espalda superior e inferior.<\/span><\/span><\/li>\n<li><span><span>cord\u00f3n de silicona<\/span><\/span><\/li>\n<li><span><span>Apertura perineal tipo p\u00e1rpado<\/span><\/span><\/li>\n<li><span><span>Tres l\u00edneas de broches frontales<\/span><\/span><\/li>\n<\/ul>\n","protected":false},"excerpt":{"rendered":"<p>Faja con tres l\u00edneas de broches frontales para uso posparto, posquir\u00fargico o diario en powernet de alta compresi\u00f3n. Fabricada con la m\u00e1s alta ingenier\u00eda textil y l\u00e1tex interno para un mayor control, brindando un moldeado c\u00f3modo y seguro. Con su forro interno de algod\u00f3n y licra, sentir\u00e1s la mayor comodidad en una faja, a la [&hellip;]<\/p>\n","protected":false},"featured_media":392,"comment_status":"open","ping_status":"closed","template":"","meta":[],"product_brand":[],"product_cat":[39,42,44],"product_tag":[],"class_list":{"0":"post-366","1":"product","2":"type-product","3":"status-publish","4":"has-post-thumbnail","6":"product_cat-linea-de-moldeo","7":"product_cat-moldeo","8":"product_cat-uso-diario","10":"first","11":"instock","12":"featured","13":"shipping-taxable","14":"purchasable","15":"product-type-variable"},"_links":{"self":[{"href":"https:\/\/colharmony.mx\/index.php?rest_route=\/wp\/v2\/product\/366","targetHints":{"allow":["GET"]}}],"collection":[{"href":"https:\/\/colharmony.mx\/index.php?rest_route=\/wp\/v2\/product"}],"about":[{"href":"https:\/\/colharmony.mx\/index.php?rest_route=\/wp\/v2\/types\/product"}],"replies":[{"embeddable":true,"href":"https:\/\/colharmony.mx\/index.php?rest_route=%2Fwp%2Fv2%2Fcomments&post=366"}],"version-history":[{"count":1,"href":"https:\/\/colharmony.mx\/index.php?rest_route=\/wp\/v2\/product\/366\/revisions"}],"predecessor-version":[{"id":394,"href":"https:\/\/colharmony.mx\/index.php?rest_route=\/wp\/v2\/product\/366\/revisions\/394"}],"wp:featuredmedia":[{"embeddable":true,"href":"https:\/\/colharmony.mx\/index.php?rest_route=\/wp\/v2\/media\/392"}],"wp:attachment":[{"href":"https:\/\/colharmony.mx\/index.php?rest_route=%2Fwp%2Fv2%2Fmedia&parent=366"}],"wp:term":[{"taxonomy":"product_brand","embeddable":true,"href":"https:\/\/colharmony.mx\/index.php?rest_route=%2Fwp%2Fv2%2Fproduct_brand&post=366"},{"taxonomy":"product_cat","embeddable":true,"href":"https:\/\/colharmony.mx\/index.php?rest_route=%2Fwp%2Fv2%2Fproduct_cat&post=366"},{"taxonomy":"product_tag","embeddable":true,"href":"https:\/\/colharmony.mx\/index.php?rest_route=%2Fwp%2Fv2%2Fproduct_tag&post=366"}],"curies":[{"name":"wp","href":"https:\/\/api.w.org\/{rel}","templated":true}]}}