{"id":282,"date":"2025-07-01T15:37:03","date_gmt":"2025-07-01T15:37:03","guid":{"rendered":"https:\/\/colharmony.mx\/?post_type=product&#038;p=282"},"modified":"2025-07-01T15:39:23","modified_gmt":"2025-07-01T15:39:23","slug":"ref-70169bra-faja-completa-con-sujetador-en-powernet","status":"publish","type":"product","link":"https:\/\/colharmony.mx\/?product=ref-70169bra-faja-completa-con-sujetador-en-powernet","title":{"rendered":"REF 70169BRA FAJA COMPLETA CON SUJETADOR EN POWERNET"},"content":{"rendered":"<p><strong>\u00a1Descubre nuestra faja moldeadora de \u00faltima generaci\u00f3n!\u00a0<\/strong>Con tres hileras de broches para un ajuste perfecto, esta prenda no solo es tu aliada para el control del abdomen, sino tambi\u00e9n para corregir la postura.<\/p>\n<ul>\n<li>Tres l\u00edneas de broches<\/li>\n<li>Abertura perineal en cremallera<\/li>\n<li>C\u00f3modo forro interno<\/li>\n<li>Control abdomen y cintura<\/li>\n<li>Tira delgada ajustable<\/li>\n<\/ul>\n","protected":false},"excerpt":{"rendered":"<p>\u00a1Descubre nuestra faja moldeadora de \u00faltima generaci\u00f3n!\u00a0Con tres hileras de broches para un ajuste perfecto, esta prenda no solo es tu aliada para el control del abdomen, sino tambi\u00e9n para corregir la postura. Tres l\u00edneas de broches Abertura perineal en cremallera C\u00f3modo forro interno Control abdomen y cintura Tira delgada ajustable<\/p>\n","protected":false},"featured_media":307,"comment_status":"open","ping_status":"closed","template":"","meta":[],"product_brand":[],"product_cat":[39,46,44],"product_tag":[],"class_list":{"0":"post-282","1":"product","2":"type-product","3":"status-publish","4":"has-post-thumbnail","6":"product_cat-linea-de-moldeo","7":"product_cat-post-quirurgico","8":"product_cat-uso-diario","10":"first","11":"instock","12":"shipping-taxable","13":"purchasable","14":"product-type-variable"},"_links":{"self":[{"href":"https:\/\/colharmony.mx\/index.php?rest_route=\/wp\/v2\/product\/282","targetHints":{"allow":["GET"]}}],"collection":[{"href":"https:\/\/colharmony.mx\/index.php?rest_route=\/wp\/v2\/product"}],"about":[{"href":"https:\/\/colharmony.mx\/index.php?rest_route=\/wp\/v2\/types\/product"}],"replies":[{"embeddable":true,"href":"https:\/\/colharmony.mx\/index.php?rest_route=%2Fwp%2Fv2%2Fcomments&post=282"}],"version-history":[{"count":1,"href":"https:\/\/colharmony.mx\/index.php?rest_route=\/wp\/v2\/product\/282\/revisions"}],"predecessor-version":[{"id":308,"href":"https:\/\/colharmony.mx\/index.php?rest_route=\/wp\/v2\/product\/282\/revisions\/308"}],"wp:featuredmedia":[{"embeddable":true,"href":"https:\/\/colharmony.mx\/index.php?rest_route=\/wp\/v2\/media\/307"}],"wp:attachment":[{"href":"https:\/\/colharmony.mx\/index.php?rest_route=%2Fwp%2Fv2%2Fmedia&parent=282"}],"wp:term":[{"taxonomy":"product_brand","embeddable":true,"href":"https:\/\/colharmony.mx\/index.php?rest_route=%2Fwp%2Fv2%2Fproduct_brand&post=282"},{"taxonomy":"product_cat","embeddable":true,"href":"https:\/\/colharmony.mx\/index.php?rest_route=%2Fwp%2Fv2%2Fproduct_cat&post=282"},{"taxonomy":"product_tag","embeddable":true,"href":"https:\/\/colharmony.mx\/index.php?rest_route=%2Fwp%2Fv2%2Fproduct_tag&post=282"}],"curies":[{"name":"wp","href":"https:\/\/api.w.org\/{rel}","templated":true}]}}