{"id":1553,"date":"2025-07-03T03:56:54","date_gmt":"2025-07-03T03:56:54","guid":{"rendered":"https:\/\/colharmony.mx\/?page_id=1553"},"modified":"2025-07-03T15:18:14","modified_gmt":"2025-07-03T15:18:14","slug":"como-saber-mi-talla","status":"publish","type":"page","link":"https:\/\/colharmony.mx\/?page_id=1553","title":{"rendered":"\u00bfC\u00f3mo saber mi talla?"},"content":{"rendered":"<h2>\u00bfC\u00f3mo saber mi talla?<\/h2>\n<p>Para elegir la talla correcta de faja, es importante medirse correctamente. Debe medirse tres veces: pecho, cintura y cadera.<\/p>\n<h4>Mide tu pecho<\/h4>\n<p>Para medirte el pecho, coloca una cinta m\u00e9trica alrededor de la parte m\u00e1s ancha del pecho. La cinta debe estar paralela al suelo.<\/p>\n<h4>Mide tu cintura<\/h4>\n<p>Para medir tu cintura, coloca una cinta m\u00e9trica alrededor de tu cintura natural. La cinta debe estar paralela al suelo y pasar por el punto m\u00e1s estrecho de tu cintura.<\/p>\n<h4>Mide tus caderas<\/h4>\n<p>Para medir tus caderas, coloca una cinta m\u00e9trica alrededor de la parte m\u00e1s ancha de tus caderas. La cinta debe estar paralela al suelo.<\/p>\n<p>Una vez que hayas medido tus tres medidas, puedes utilizar la tabla de tallas que te indicar\u00e1 qu\u00e9 talla necesitas en funci\u00f3n de tus medidas.<\/p>\n<p>\t\t\t\t\t\t\t\t\t\t\t\t\t\t\t<img decoding=\"async\" src=\"https:\/\/colharmony.mx\/wp-content\/uploads\/elementor\/thumbs\/logo-1659736759-r83ymw5uj12k5evj7611zqflprahszp7h4i5b90oao.webp\" title=\"logo-1659736759\" alt=\"logo-1659736759\" loading=\"lazy\" \/>\t\t\t\t\t\t\t\t\t\t\t\t\t\t\t<\/p>\n<h2>nuestra compa\u00f1ia<\/h2>\n<p><a href=\"https:\/\/colharmony.mx\/?page_id=1553\">\u00bfC\u00f3mo saber mi talla?<\/a><br \/><a href=\"https:\/\/colharmony.mx\/?page_id=1546\">Pol\u00edtica de Privacidad<\/a><br \/><a href=\"https:\/\/colharmony.mx\/?page_id=1532\">Env\u00edos y devoluciones<\/a><br \/><a href=\"https:\/\/colharmony.mx\/?page_id=1512\">Cat\u00e1logos<\/a><\/p>\n","protected":false},"excerpt":{"rendered":"<p>\u00bfC\u00f3mo saber mi talla? Para elegir la talla correcta de faja, es importante medirse correctamente. Debe medirse tres veces: pecho, cintura y cadera. Mide tu pecho Para medirte el pecho, coloca una cinta m\u00e9trica alrededor de la parte m\u00e1s ancha del pecho. La cinta debe estar paralela al suelo. Mide tu cintura Para medir tu [&hellip;]<\/p>\n","protected":false},"author":1,"featured_media":0,"parent":0,"menu_order":0,"comment_status":"closed","ping_status":"closed","template":"elementor_header_footer","meta":{"footnotes":""},"class_list":["post-1553","page","type-page","status-publish","hentry"],"_links":{"self":[{"href":"https:\/\/colharmony.mx\/index.php?rest_route=\/wp\/v2\/pages\/1553","targetHints":{"allow":["GET"]}}],"collection":[{"href":"https:\/\/colharmony.mx\/index.php?rest_route=\/wp\/v2\/pages"}],"about":[{"href":"https:\/\/colharmony.mx\/index.php?rest_route=\/wp\/v2\/types\/page"}],"author":[{"embeddable":true,"href":"https:\/\/colharmony.mx\/index.php?rest_route=\/wp\/v2\/users\/1"}],"replies":[{"embeddable":true,"href":"https:\/\/colharmony.mx\/index.php?rest_route=%2Fwp%2Fv2%2Fcomments&post=1553"}],"version-history":[{"count":9,"href":"https:\/\/colharmony.mx\/index.php?rest_route=\/wp\/v2\/pages\/1553\/revisions"}],"predecessor-version":[{"id":1570,"href":"https:\/\/colharmony.mx\/index.php?rest_route=\/wp\/v2\/pages\/1553\/revisions\/1570"}],"wp:attachment":[{"href":"https:\/\/colharmony.mx\/index.php?rest_route=%2Fwp%2Fv2%2Fmedia&parent=1553"}],"curies":[{"name":"wp","href":"https:\/\/api.w.org\/{rel}","templated":true}]}}