{"id":1546,"date":"2025-07-03T03:51:06","date_gmt":"2025-07-03T03:51:06","guid":{"rendered":"https:\/\/colharmony.mx\/?page_id=1546"},"modified":"2025-07-03T03:56:14","modified_gmt":"2025-07-03T03:56:14","slug":"politica-de-privacidad-2","status":"publish","type":"page","link":"https:\/\/colharmony.mx\/?page_id=1546","title":{"rendered":"Pol\u00edtica de Privacidad"},"content":{"rendered":"\t\t<div data-elementor-type=\"wp-page\" data-elementor-id=\"1546\" class=\"elementor elementor-1546\" data-elementor-post-type=\"page\">\n\t\t\t\t<div class=\"elementor-element elementor-element-f7e39df e-flex e-con-boxed e-con e-parent\" data-id=\"f7e39df\" data-element_type=\"container\">\n\t\t\t\t\t<div class=\"e-con-inner\">\n\t\t\t\t<div class=\"elementor-element elementor-element-df14321 elementor-widget elementor-widget-heading\" data-id=\"df14321\" data-element_type=\"widget\" data-widget_type=\"heading.default\">\n\t\t\t\t<div class=\"elementor-widget-container\">\n\t\t\t\t\t<h2 class=\"elementor-heading-title elementor-size-default\">Pol\u00edtica de privacidad<\/h2>\t\t\t\t<\/div>\n\t\t\t\t<\/div>\n\t\t\t\t<div class=\"elementor-element elementor-element-eecb1f8 elementor-widget elementor-widget-spacer\" data-id=\"eecb1f8\" data-element_type=\"widget\" data-widget_type=\"spacer.default\">\n\t\t\t\t<div class=\"elementor-widget-container\">\n\t\t\t\t\t\t\t<div class=\"elementor-spacer\">\n\t\t\t<div class=\"elementor-spacer-inner\"><\/div>\n\t\t<\/div>\n\t\t\t\t\t\t<\/div>\n\t\t\t\t<\/div>\n\t\t\t\t<div class=\"elementor-element elementor-element-e90225b elementor-widget elementor-widget-text-editor\" data-id=\"e90225b\" data-element_type=\"widget\" data-widget_type=\"text-editor.default\">\n\t\t\t\t<div class=\"elementor-widget-container\">\n\t\t\t\t\t\t\t\t\t<h3 class=\"page-subheading\">\u00bfQu\u00e9 hacemos con tu informaci\u00f3n?<\/h3><p class=\"bottom-indent\">Cuando compra algo en nuestra tienda, como parte del proceso de compra y venta, recopilamos la informaci\u00f3n personal que nos proporciona, como su nombre, direcci\u00f3n y direcci\u00f3n de correo electr\u00f3nico.<\/p><p class=\"bottom-indent\">Cuando navega por nuestra tienda, tambi\u00e9n recibimos autom\u00e1ticamente la direcci\u00f3n de Protocolo de Internet (IP) de su computadora para proporcionarnos informaci\u00f3n que nos ayuda a conocer su navegador y sistema operativo.<\/p><p class=\"bottom-indent\">Marketing por correo electr\u00f3nico (si corresponde): con su permiso, podemos enviarle correos electr\u00f3nicos sobre nuestra tienda, nuevos productos y otras actualizaciones.<\/p><p class=\"bottom-indent\">Cuando nos proporciona informaci\u00f3n personal para completar una transacci\u00f3n, verificar su tarjeta de cr\u00e9dito, realizar un pedido, organizar una entrega o devolver una compra, implicamos que acepta que la recopilemos y la usemos solo por ese motivo espec\u00edfico.<\/p><p class=\"bottom-indent\">Si solicitamos su informaci\u00f3n personal por un motivo secundario, como marketing, le solicitaremos directamente su consentimiento expreso o le daremos la oportunidad de decir que no.<\/p><p class=\"bottom-indent\">Si despu\u00e9s de registrarse, cambia de opini\u00f3n, puede retirar su consentimiento para que nos comuniquemos con usted, para la recopilaci\u00f3n, uso o divulgaci\u00f3n continua de su informaci\u00f3n, en cualquier momento, comunic\u00e1ndose con nosotros mediante el formulario ubicado en la p\u00e1gina Cont\u00e1ctenos.<\/p><h3 class=\"page-subheading\">Divulgaci\u00f3n<\/h3><p class=\"bottom-indent\">Podemos divulgar su informaci\u00f3n personal si la ley nos lo exige o si viola nuestros T\u00e9rminos de Servicio.<\/p><h3 class=\"bottom-indent\">Servicios de terceros<\/h3><p>En general, los proveedores externos que utilizamos solo recopilar\u00e1n, usar\u00e1n y divulgar\u00e1n su informaci\u00f3n en la medida necesaria para permitirles realizar los servicios que nos brindan.<\/p><p>Sin embargo, ciertos proveedores de servicios de terceros, como pasarelas de pago y otros procesadores de transacciones de pago, tienen sus propias pol\u00edticas de privacidad con respecto a la informaci\u00f3n que estamos obligados a proporcionarles para sus transacciones relacionadas con la compra.<\/p><p>Para estos proveedores, le recomendamos leer sus pol\u00edticas de privacidad para que pueda comprender c\u00f3mo estos proveedores manejar\u00e1n su informaci\u00f3n personal.<\/p><p>En particular, tenga en cuenta que algunos proveedores pueden estar ubicados o tener instalaciones en jurisdicciones distintas a las suyas o a las nuestras. Por lo tanto, si decide realizar una transacci\u00f3n que implique los servicios de un proveedor externo, su informaci\u00f3n podr\u00eda estar sujeta a las leyes de las jurisdicciones donde se encuentre dicho proveedor o sus instalaciones.<\/p><p>Por ejemplo, si usted se encuentra en Canad\u00e1 y su transacci\u00f3n es procesada por una pasarela de pago ubicada en los Estados Unidos, entonces su informaci\u00f3n personal utilizada para completar esa transacci\u00f3n puede estar sujeta a divulgaci\u00f3n seg\u00fan la ley de los Estados Unidos, incluida la Ley Patriota.<\/p><p>Una vez que abandona el sitio web de nuestra tienda o es redirigido a un sitio web o aplicaci\u00f3n de terceros, ya no est\u00e1 sujeto a esta Pol\u00edtica de privacidad ni a los T\u00e9rminos de servicio de nuestro sitio web.<\/p><p>Enlaces: Al hacer clic en enlaces de nuestra tienda, es posible que lo dirijan fuera de nuestro sitio. No nos responsabilizamos de las pr\u00e1cticas de privacidad de otros sitios y le recomendamos leer sus pol\u00edticas de privacidad.<\/p><h3>Seguridad<\/h3><p>Para proteger su informaci\u00f3n personal, tomamos precauciones razonables y seguimos las mejores pr\u00e1cticas de la industria para asegurarnos de que no se pierda, utilice mal, acceda, divulgue, altere o destruya de manera inapropiada.<\/p><p>Si nos proporciona la informaci\u00f3n de su tarjeta de cr\u00e9dito, esta se cifra mediante tecnolog\u00eda Secure Socket Layer (SSL) y se almacena con cifrado AES-256. Si bien ning\u00fan m\u00e9todo de transmisi\u00f3n por internet o almacenamiento electr\u00f3nico es 100 % seguro, cumplimos con todos los requisitos de PCI-DSS e implementamos est\u00e1ndares adicionales generalmente aceptados en la industria.<\/p><h3>Galletas<\/h3><p>Usted puede elegir si desea desactivar las cookies o no.<\/p><h3>Edad n\u00fabil<\/h3><p>Al utilizar este sitio, usted declara que tiene al menos la mayor\u00eda de edad en su estado o provincia de residencia, o que tiene la mayor\u00eda de edad en su estado o provincia de residencia y nos ha dado su consentimiento para permitir que cualquiera de sus dependientes menores use este sitio.<\/p><h3>Preguntas e informaci\u00f3n de contacto<\/h3><p>Si desea: acceder, corregir, modificar o eliminar cualquier informaci\u00f3n personal que tengamos sobre usted, presentar una queja o simplemente desea obtener m\u00e1s informaci\u00f3n, comun\u00edquese con nuestro Oficial de Cumplimiento de Privacidad utilizando el formulario en la p\u00e1gina Cont\u00e1ctenos.<\/p>\t\t\t\t\t\t\t\t<\/div>\n\t\t\t\t<\/div>\n\t\t\t\t\t<\/div>\n\t\t\t\t<\/div>\n\t\t\t\t<\/div>\n\t\t","protected":false},"excerpt":{"rendered":"<p>Pol\u00edtica de privacidad \u00bfQu\u00e9 hacemos con tu informaci\u00f3n? Cuando compra algo en nuestra tienda, como parte del proceso de compra y venta, recopilamos la informaci\u00f3n personal que nos proporciona, como su nombre, direcci\u00f3n y direcci\u00f3n de correo electr\u00f3nico. Cuando navega por nuestra tienda, tambi\u00e9n recibimos autom\u00e1ticamente la direcci\u00f3n de Protocolo de Internet (IP) de su [&hellip;]<\/p>\n","protected":false},"author":1,"featured_media":0,"parent":0,"menu_order":0,"comment_status":"closed","ping_status":"closed","template":"elementor_header_footer","meta":{"footnotes":""},"class_list":["post-1546","page","type-page","status-publish","hentry"],"_links":{"self":[{"href":"https:\/\/colharmony.mx\/index.php?rest_route=\/wp\/v2\/pages\/1546","targetHints":{"allow":["GET"]}}],"collection":[{"href":"https:\/\/colharmony.mx\/index.php?rest_route=\/wp\/v2\/pages"}],"about":[{"href":"https:\/\/colharmony.mx\/index.php?rest_route=\/wp\/v2\/types\/page"}],"author":[{"embeddable":true,"href":"https:\/\/colharmony.mx\/index.php?rest_route=\/wp\/v2\/users\/1"}],"replies":[{"embeddable":true,"href":"https:\/\/colharmony.mx\/index.php?rest_route=%2Fwp%2Fv2%2Fcomments&post=1546"}],"version-history":[{"count":5,"href":"https:\/\/colharmony.mx\/index.php?rest_route=\/wp\/v2\/pages\/1546\/revisions"}],"predecessor-version":[{"id":1552,"href":"https:\/\/colharmony.mx\/index.php?rest_route=\/wp\/v2\/pages\/1546\/revisions\/1552"}],"wp:attachment":[{"href":"https:\/\/colharmony.mx\/index.php?rest_route=%2Fwp%2Fv2%2Fmedia&parent=1546"}],"curies":[{"name":"wp","href":"https:\/\/api.w.org\/{rel}","templated":true}]}}