{"id":1353,"date":"2016-03-24T12:13:42","date_gmt":"2016-03-24T12:13:42","guid":{"rendered":"http:\/\/demo.themes4wp.com\/gama-store\/?page_id=10"},"modified":"2025-07-03T02:35:21","modified_gmt":"2025-07-03T02:35:21","slug":"inicio","status":"publish","type":"page","link":"https:\/\/colharmony.mx\/","title":{"rendered":"Inicio"},"content":{"rendered":"\t\t<div data-elementor-type=\"wp-post\" data-elementor-id=\"1353\" class=\"elementor elementor-1353\" data-elementor-post-type=\"page\">\n\t\t\t\t<div class=\"elementor-element elementor-element-dc63388 e-flex e-con-boxed e-con e-parent\" data-id=\"dc63388\" data-element_type=\"container\">\n\t\t\t\t\t<div class=\"e-con-inner\">\n\t\t\t\t<div class=\"elementor-element elementor-element-08d3148 elementor--h-position-center elementor--v-position-middle elementor-arrows-position-inside elementor-pagination-position-inside elementor-widget elementor-widget-slides\" data-id=\"08d3148\" data-element_type=\"widget\" data-settings=\"{&quot;navigation&quot;:&quot;both&quot;,&quot;autoplay&quot;:&quot;yes&quot;,&quot;pause_on_hover&quot;:&quot;yes&quot;,&quot;pause_on_interaction&quot;:&quot;yes&quot;,&quot;autoplay_speed&quot;:5000,&quot;infinite&quot;:&quot;yes&quot;,&quot;transition&quot;:&quot;slide&quot;,&quot;transition_speed&quot;:500}\" data-widget_type=\"slides.default\">\n\t\t\t\t<div class=\"elementor-widget-container\">\n\t\t\t\t\t\t\t\t\t<div class=\"elementor-swiper\">\n\t\t\t\t\t<div class=\"elementor-slides-wrapper elementor-main-swiper swiper\" role=\"region\" aria-roledescription=\"carousel\" aria-label=\"Slides\" dir=\"ltr\" data-animation=\"fadeInUp\">\n\t\t\t\t<div class=\"swiper-wrapper elementor-slides\">\n\t\t\t\t\t\t\t\t\t\t<div class=\"elementor-repeater-item-9381f06 swiper-slide\" role=\"group\" aria-roledescription=\"slide\"><div class=\"swiper-slide-bg\" role=\"img\"><\/div><div class=\"swiper-slide-inner\" ><div class=\"swiper-slide-contents\"><\/div><\/div><\/div><div class=\"elementor-repeater-item-59c9b58 swiper-slide\" role=\"group\" aria-roledescription=\"slide\"><div class=\"swiper-slide-bg\" role=\"img\"><\/div><div class=\"swiper-slide-inner\" ><div class=\"swiper-slide-contents\"><\/div><\/div><\/div>\t\t\t\t<\/div>\n\t\t\t\t\t\t\t\t\t\t\t\t\t\t\t<div class=\"elementor-swiper-button elementor-swiper-button-prev\" role=\"button\" tabindex=\"0\" aria-label=\"Previous slide\">\n\t\t\t\t\t\t\t<svg aria-hidden=\"true\" class=\"e-font-icon-svg e-eicon-chevron-left\" viewBox=\"0 0 1000 1000\" xmlns=\"http:\/\/www.w3.org\/2000\/svg\"><path d=\"M646 125C629 125 613 133 604 142L308 442C296 454 292 471 292 487 292 504 296 521 308 533L604 854C617 867 629 875 646 875 663 875 679 871 692 858 704 846 713 829 713 812 713 796 708 779 692 767L438 487 692 225C700 217 708 204 708 187 708 171 704 154 692 142 675 129 663 125 646 125Z\"><\/path><\/svg>\t\t\t\t\t\t<\/div>\n\t\t\t\t\t\t<div class=\"elementor-swiper-button elementor-swiper-button-next\" role=\"button\" tabindex=\"0\" aria-label=\"Next slide\">\n\t\t\t\t\t\t\t<svg aria-hidden=\"true\" class=\"e-font-icon-svg e-eicon-chevron-right\" viewBox=\"0 0 1000 1000\" xmlns=\"http:\/\/www.w3.org\/2000\/svg\"><path d=\"M696 533C708 521 713 504 713 487 713 471 708 454 696 446L400 146C388 133 375 125 354 125 338 125 325 129 313 142 300 154 292 171 292 187 292 204 296 221 308 233L563 492 304 771C292 783 288 800 288 817 288 833 296 850 308 863 321 871 338 875 354 875 371 875 388 867 400 854L696 533Z\"><\/path><\/svg>\t\t\t\t\t\t<\/div>\n\t\t\t\t\t\t\t\t\t\t\t\t\t\t\t\t<div class=\"swiper-pagination\"><\/div>\n\t\t\t\t\t\t\t\t\t\t\t\t<\/div>\n\t\t\t\t<\/div>\n\t\t\t\t\t\t\t\t<\/div>\n\t\t\t\t<\/div>\n\t\t\t\t<div class=\"elementor-element elementor-element-7992561 elementor-widget elementor-widget-spacer\" data-id=\"7992561\" data-element_type=\"widget\" data-widget_type=\"spacer.default\">\n\t\t\t\t<div class=\"elementor-widget-container\">\n\t\t\t\t\t\t\t<div class=\"elementor-spacer\">\n\t\t\t<div class=\"elementor-spacer-inner\"><\/div>\n\t\t<\/div>\n\t\t\t\t\t\t<\/div>\n\t\t\t\t<\/div>\n\t\t\t\t\t<\/div>\n\t\t\t\t<\/div>\n\t\t<div class=\"elementor-element elementor-element-dba4b07 e-flex e-con-boxed e-con e-parent\" data-id=\"dba4b07\" data-element_type=\"container\">\n\t\t\t\t\t<div class=\"e-con-inner\">\n\t\t<div class=\"elementor-element elementor-element-413b1bf e-con-full e-flex e-con e-child\" data-id=\"413b1bf\" data-element_type=\"container\">\n\t\t\t\t<div class=\"elementor-element elementor-element-e0494bc elementor-widget elementor-widget-image\" data-id=\"e0494bc\" data-element_type=\"widget\" data-widget_type=\"image.default\">\n\t\t\t\t<div class=\"elementor-widget-container\">\n\t\t\t\t\t\t\t\t\t\t\t\t\t\t\t<img fetchpriority=\"high\" decoding=\"async\" width=\"750\" height=\"500\" src=\"https:\/\/colharmony.mx\/wp-content\/uploads\/2025\/05\/grupales2-1024x683.jpg\" class=\"attachment-large size-large wp-image-16\" alt=\"\" srcset=\"https:\/\/colharmony.mx\/wp-content\/uploads\/2025\/05\/grupales2-1024x683.jpg 1024w, https:\/\/colharmony.mx\/wp-content\/uploads\/2025\/05\/grupales2-300x200.jpg 300w, https:\/\/colharmony.mx\/wp-content\/uploads\/2025\/05\/grupales2-768x512.jpg 768w, https:\/\/colharmony.mx\/wp-content\/uploads\/2025\/05\/grupales2-1536x1024.jpg 1536w, https:\/\/colharmony.mx\/wp-content\/uploads\/2025\/05\/grupales2-2048x1365.jpg 2048w\" sizes=\"(max-width: 750px) 100vw, 750px\" \/>\t\t\t\t\t\t\t\t\t\t\t\t\t\t\t<\/div>\n\t\t\t\t<\/div>\n\t\t\t\t<\/div>\n\t\t<div class=\"elementor-element elementor-element-fa13eac e-con-full e-flex e-con e-child\" data-id=\"fa13eac\" data-element_type=\"container\">\n\t\t\t\t<div class=\"elementor-element elementor-element-b13916a elementor-widget elementor-widget-heading\" data-id=\"b13916a\" data-element_type=\"widget\" data-widget_type=\"heading.default\">\n\t\t\t\t<div class=\"elementor-widget-container\">\n\t\t\t\t\t<h2 class=\"elementor-heading-title elementor-size-default\">QUIENES SOMOS<\/h2>\t\t\t\t<\/div>\n\t\t\t\t<\/div>\n\t\t\t\t<div class=\"elementor-element elementor-element-057da29 elementor-widget elementor-widget-heading\" data-id=\"057da29\" data-element_type=\"widget\" data-widget_type=\"heading.default\">\n\t\t\t\t<div class=\"elementor-widget-container\">\n\t\t\t\t\t<h1 class=\"elementor-heading-title elementor-size-default\"><p data-start=\"574\" data-end=\"897\">Somos una marca orgullosamente colombiana, especializada en fajas y prendas de moldeo dise\u00f1adas para realzar la silueta de la mujer latina. Nuestra misi\u00f3n es brindar confianza, comodidad y resultados reales a trav\u00e9s de productos de alta calidad, fabricados con los mejores materiales y el cari\u00f1o de nuestras manos expertas.<\/p>\n<p data-start=\"899\" data-end=\"1013\">Ahora llevamos nuestras fajas hasta M\u00e9xico, para acompa\u00f1ar a mujeres aut\u00e9nticas, poderosas y seguras de s\u00ed mismas.<\/p><\/h1>\t\t\t\t<\/div>\n\t\t\t\t<\/div>\n\t\t\t\t<div class=\"elementor-element elementor-element-fd28719 elementor-widget elementor-widget-heading\" data-id=\"fd28719\" data-element_type=\"widget\" data-widget_type=\"heading.default\">\n\t\t\t\t<div class=\"elementor-widget-container\">\n\t\t\t\t\t<span class=\"elementor-heading-title elementor-size-default\">Fajas que Realzan tu Belleza Natural<\/span>\t\t\t\t<\/div>\n\t\t\t\t<\/div>\n\t\t\t\t<\/div>\n\t\t\t\t\t<\/div>\n\t\t\t\t<\/div>\n\t\t<div class=\"elementor-element elementor-element-e514fb5 e-flex e-con-boxed e-con e-parent\" data-id=\"e514fb5\" data-element_type=\"container\">\n\t\t\t\t\t<div class=\"e-con-inner\">\n\t\t\t\t<div class=\"elementor-element elementor-element-b8de516 elementor-widget elementor-widget-popularis-extra-heading\" data-id=\"b8de516\" data-element_type=\"widget\" data-widget_type=\"popularis-extra-heading.default\">\n\t\t\t\t<div class=\"elementor-widget-container\">\n\t\t\t\t\t\r\n\t\t<div class=\"popularis-extra-heading-wrapper popularis-extra-simple-heading-wrapper\">\r\n\t\t\t<h2 class=\"popularis-extra-heading-title\"> <span class=\"popularis-extra-title-focus\">NUESTROS<\/span> PRODUCTOS<\/h2>\t\t<\/div>\r\n\t\t\t\t\t\t<\/div>\n\t\t\t\t<\/div>\n\t\t\t\t<div class=\"elementor-element elementor-element-fc883d1 elementor-widget elementor-widget-shortcode\" data-id=\"fc883d1\" data-element_type=\"widget\" data-widget_type=\"shortcode.default\">\n\t\t\t\t<div class=\"elementor-widget-container\">\n\t\t\t\t\t\t\t<div class=\"elementor-shortcode\"><div class=\"woocommerce columns-4 \"><ul class=\"products columns-4\">\n<li class=\"product type-product post-395 status-publish first instock product_cat-cinturillas product_cat-linea-de-moldeo product_cat-moldeo product_cat-uso-diario has-post-thumbnail featured shipping-taxable purchasable product-type-variable\">\n\t<a href=\"https:\/\/colharmony.mx\/?product=ref-6061-cinturilla-entrenamiento-powernet\" class=\"woocommerce-LoopProduct-link woocommerce-loop-product__link\"><img decoding=\"async\" width=\"300\" height=\"300\" src=\"https:\/\/colharmony.mx\/wp-content\/uploads\/2025\/07\/1066-medium_default-300x300.webp\" class=\"attachment-woocommerce_thumbnail size-woocommerce_thumbnail\" alt=\"REF 6061 CINTURILLA ENTRENAMIENTO POWERNET\" srcset=\"https:\/\/colharmony.mx\/wp-content\/uploads\/2025\/07\/1066-medium_default-300x300.webp 300w, https:\/\/colharmony.mx\/wp-content\/uploads\/2025\/07\/1066-medium_default-150x150.webp 150w, https:\/\/colharmony.mx\/wp-content\/uploads\/2025\/07\/1066-medium_default-100x100.webp 100w, https:\/\/colharmony.mx\/wp-content\/uploads\/2025\/07\/1066-medium_default.webp 452w\" sizes=\"(max-width: 300px) 100vw, 300px\" \/><h2 class=\"woocommerce-loop-product__title\">REF 6061 CINTURILLA ENTRENAMIENTO POWERNET<\/h2>\n\t<span class=\"price\"><span class=\"woocommerce-Price-amount amount\"><bdi><span class=\"woocommerce-Price-currencySymbol\">&#36;<\/span>&nbsp;1.099<\/bdi><\/span><\/span>\n<\/a><a href=\"https:\/\/colharmony.mx\/?product=ref-6061-cinturilla-entrenamiento-powernet\" aria-describedby=\"woocommerce_loop_add_to_cart_link_describedby_395\" data-quantity=\"1\" class=\"button product_type_variable add_to_cart_button\" data-product_id=\"395\" data-product_sku=\"\" aria-label=\"Elige las opciones para &ldquo;REF 6061 CINTURILLA ENTRENAMIENTO POWERNET&rdquo;\" rel=\"nofollow\">Seleccionar opciones<\/a>\t<span id=\"woocommerce_loop_add_to_cart_link_describedby_395\" class=\"screen-reader-text\">\n\t\tEste producto tiene m\u00faltiples variantes. Las opciones se pueden elegir en la p\u00e1gina de producto\t<\/span>\n<\/li>\n<li class=\"product type-product post-366 status-publish instock product_cat-linea-de-moldeo product_cat-moldeo product_cat-uso-diario has-post-thumbnail featured shipping-taxable purchasable product-type-variable\">\n\t<a href=\"https:\/\/colharmony.mx\/?product=ref-7063-5-faja-powernet-con-broches\" class=\"woocommerce-LoopProduct-link woocommerce-loop-product__link\"><img decoding=\"async\" width=\"300\" height=\"300\" src=\"https:\/\/colharmony.mx\/wp-content\/uploads\/2025\/07\/1142-large_default-300x300.webp\" class=\"attachment-woocommerce_thumbnail size-woocommerce_thumbnail\" alt=\"REF 7063-5 FAJA POWERNET CON BROCHES\" srcset=\"https:\/\/colharmony.mx\/wp-content\/uploads\/2025\/07\/1142-large_default-300x300.webp 300w, https:\/\/colharmony.mx\/wp-content\/uploads\/2025\/07\/1142-large_default-150x150.webp 150w, https:\/\/colharmony.mx\/wp-content\/uploads\/2025\/07\/1142-large_default-768x768.webp 768w, https:\/\/colharmony.mx\/wp-content\/uploads\/2025\/07\/1142-large_default-600x600.webp 600w, https:\/\/colharmony.mx\/wp-content\/uploads\/2025\/07\/1142-large_default-100x100.webp 100w, https:\/\/colharmony.mx\/wp-content\/uploads\/2025\/07\/1142-large_default.webp 800w\" sizes=\"(max-width: 300px) 100vw, 300px\" \/><h2 class=\"woocommerce-loop-product__title\">REF 7063-5 FAJA POWERNET CON BROCHES<\/h2>\n\t<span class=\"price\"><span class=\"woocommerce-Price-amount amount\"><bdi><span class=\"woocommerce-Price-currencySymbol\">&#36;<\/span>&nbsp;1.199<\/bdi><\/span><\/span>\n<\/a><a href=\"https:\/\/colharmony.mx\/?product=ref-7063-5-faja-powernet-con-broches\" aria-describedby=\"woocommerce_loop_add_to_cart_link_describedby_366\" data-quantity=\"1\" class=\"button product_type_variable add_to_cart_button\" data-product_id=\"366\" data-product_sku=\"\" aria-label=\"Elige las opciones para &ldquo;REF 7063-5 FAJA POWERNET CON BROCHES&rdquo;\" rel=\"nofollow\">Seleccionar opciones<\/a>\t<span id=\"woocommerce_loop_add_to_cart_link_describedby_366\" class=\"screen-reader-text\">\n\t\tEste producto tiene m\u00faltiples variantes. Las opciones se pueden elegir en la p\u00e1gina de producto\t<\/span>\n<\/li>\n<li class=\"product type-product post-309 status-publish instock product_cat-linea-de-moldeo product_cat-moldeo product_cat-uso-diario has-post-thumbnail featured shipping-taxable purchasable product-type-variable\">\n\t<a href=\"https:\/\/colharmony.mx\/?product=ref-70015sp-panty-faja-con-broches\" class=\"woocommerce-LoopProduct-link woocommerce-loop-product__link\"><img loading=\"lazy\" decoding=\"async\" width=\"300\" height=\"300\" src=\"https:\/\/colharmony.mx\/wp-content\/uploads\/2025\/07\/986-large_default-300x300.webp\" class=\"attachment-woocommerce_thumbnail size-woocommerce_thumbnail\" alt=\"REF 70015SP PANTY FAJA CON BROCHES\" srcset=\"https:\/\/colharmony.mx\/wp-content\/uploads\/2025\/07\/986-large_default-300x300.webp 300w, https:\/\/colharmony.mx\/wp-content\/uploads\/2025\/07\/986-large_default-150x150.webp 150w, https:\/\/colharmony.mx\/wp-content\/uploads\/2025\/07\/986-large_default-768x768.webp 768w, https:\/\/colharmony.mx\/wp-content\/uploads\/2025\/07\/986-large_default-600x600.webp 600w, https:\/\/colharmony.mx\/wp-content\/uploads\/2025\/07\/986-large_default-100x100.webp 100w, https:\/\/colharmony.mx\/wp-content\/uploads\/2025\/07\/986-large_default.webp 800w\" sizes=\"(max-width: 300px) 100vw, 300px\" \/><h2 class=\"woocommerce-loop-product__title\">REF 70015SP PANTY FAJA CON BROCHES<\/h2>\n\t<span class=\"price\"><span class=\"woocommerce-Price-amount amount\"><bdi><span class=\"woocommerce-Price-currencySymbol\">&#36;<\/span>&nbsp;1.999<\/bdi><\/span><\/span>\n<\/a><a href=\"https:\/\/colharmony.mx\/?product=ref-70015sp-panty-faja-con-broches\" aria-describedby=\"woocommerce_loop_add_to_cart_link_describedby_309\" data-quantity=\"1\" class=\"button product_type_variable add_to_cart_button\" data-product_id=\"309\" data-product_sku=\"\" aria-label=\"Elige las opciones para &ldquo;REF 70015SP PANTY FAJA CON BROCHES&rdquo;\" rel=\"nofollow\">Seleccionar opciones<\/a>\t<span id=\"woocommerce_loop_add_to_cart_link_describedby_309\" class=\"screen-reader-text\">\n\t\tEste producto tiene m\u00faltiples variantes. Las opciones se pueden elegir en la p\u00e1gina de producto\t<\/span>\n<\/li>\n<li class=\"product type-product post-109 status-publish last instock product_cat-leggings product_cat-legging-jeans-de-moldeo has-post-thumbnail featured shipping-taxable purchasable product-type-variable\">\n\t<a href=\"https:\/\/colharmony.mx\/?product=ref-9046d22p-push-up-legging-with-ab-and-leg-control\" class=\"woocommerce-LoopProduct-link woocommerce-loop-product__link\"><img loading=\"lazy\" decoding=\"async\" width=\"300\" height=\"300\" src=\"https:\/\/colharmony.mx\/wp-content\/uploads\/2025\/07\/Diseno-sin-titulo-300x300.png\" class=\"attachment-woocommerce_thumbnail size-woocommerce_thumbnail\" alt=\"REF 9046D22P PUSH UP LEGGING WITH AB AND LEG CONTROL\" srcset=\"https:\/\/colharmony.mx\/wp-content\/uploads\/2025\/07\/Diseno-sin-titulo-300x300.png 300w, https:\/\/colharmony.mx\/wp-content\/uploads\/2025\/07\/Diseno-sin-titulo-1024x1024.png 1024w, https:\/\/colharmony.mx\/wp-content\/uploads\/2025\/07\/Diseno-sin-titulo-150x150.png 150w, https:\/\/colharmony.mx\/wp-content\/uploads\/2025\/07\/Diseno-sin-titulo-768x768.png 768w, https:\/\/colharmony.mx\/wp-content\/uploads\/2025\/07\/Diseno-sin-titulo-600x600.png 600w, https:\/\/colharmony.mx\/wp-content\/uploads\/2025\/07\/Diseno-sin-titulo-100x100.png 100w, https:\/\/colharmony.mx\/wp-content\/uploads\/2025\/07\/Diseno-sin-titulo.png 1080w\" sizes=\"(max-width: 300px) 100vw, 300px\" \/><h2 class=\"woocommerce-loop-product__title\">REF 9046D22P PUSH UP LEGGING WITH AB AND LEG CONTROL<\/h2>\n\t<span class=\"price\"><span class=\"woocommerce-Price-amount amount\"><bdi><span class=\"woocommerce-Price-currencySymbol\">&#36;<\/span>&nbsp;1.299<\/bdi><\/span><\/span>\n<\/a><a href=\"https:\/\/colharmony.mx\/?product=ref-9046d22p-push-up-legging-with-ab-and-leg-control\" aria-describedby=\"woocommerce_loop_add_to_cart_link_describedby_109\" data-quantity=\"1\" class=\"button product_type_variable add_to_cart_button\" data-product_id=\"109\" data-product_sku=\"\" aria-label=\"Elige las opciones para &ldquo;REF 9046D22P PUSH UP LEGGING WITH AB AND LEG CONTROL&rdquo;\" rel=\"nofollow\">Seleccionar opciones<\/a>\t<span id=\"woocommerce_loop_add_to_cart_link_describedby_109\" class=\"screen-reader-text\">\n\t\tEste producto tiene m\u00faltiples variantes. Las opciones se pueden elegir en la p\u00e1gina de producto\t<\/span>\n<\/li>\n<\/ul>\n<\/div><\/div>\n\t\t\t\t\t\t<\/div>\n\t\t\t\t<\/div>\n\t\t\t\t\t<\/div>\n\t\t\t\t<\/div>\n\t\t\t\t<\/div>\n\t\t","protected":false},"excerpt":{"rendered":"<p>QUIENES SOMOS Somos una marca orgullosamente colombiana, especializada en fajas y prendas de moldeo dise\u00f1adas para realzar la silueta de la mujer latina. Nuestra misi\u00f3n es brindar confianza, comodidad y resultados reales a trav\u00e9s de productos de alta calidad, fabricados con los mejores materiales y el cari\u00f1o de nuestras manos expertas. Ahora llevamos nuestras fajas [&hellip;]<\/p>\n","protected":false},"author":1,"featured_media":0,"parent":0,"menu_order":0,"comment_status":"closed","ping_status":"closed","template":"template-page-builders.php","meta":{"footnotes":""},"class_list":["post-1353","page","type-page","status-publish","hentry"],"_links":{"self":[{"href":"https:\/\/colharmony.mx\/index.php?rest_route=\/wp\/v2\/pages\/1353","targetHints":{"allow":["GET"]}}],"collection":[{"href":"https:\/\/colharmony.mx\/index.php?rest_route=\/wp\/v2\/pages"}],"about":[{"href":"https:\/\/colharmony.mx\/index.php?rest_route=\/wp\/v2\/types\/page"}],"author":[{"embeddable":true,"href":"https:\/\/colharmony.mx\/index.php?rest_route=\/wp\/v2\/users\/1"}],"replies":[{"embeddable":true,"href":"https:\/\/colharmony.mx\/index.php?rest_route=%2Fwp%2Fv2%2Fcomments&post=1353"}],"version-history":[{"count":7,"href":"https:\/\/colharmony.mx\/index.php?rest_route=\/wp\/v2\/pages\/1353\/revisions"}],"predecessor-version":[{"id":1499,"href":"https:\/\/colharmony.mx\/index.php?rest_route=\/wp\/v2\/pages\/1353\/revisions\/1499"}],"wp:attachment":[{"href":"https:\/\/colharmony.mx\/index.php?rest_route=%2Fwp%2Fv2%2Fmedia&parent=1353"}],"curies":[{"name":"wp","href":"https:\/\/api.w.org\/{rel}","templated":true}]}}